{"id":136,"date":"2025-05-23T11:42:04","date_gmt":"2025-05-23T09:42:04","guid":{"rendered":"https:\/\/spanization.com\/?page_id=136"},"modified":"2025-11-25T12:25:25","modified_gmt":"2025-11-25T11:25:25","slug":"sobre-mi","status":"publish","type":"page","link":"https:\/\/spanization.com\/en\/sobre-mi\/","title":{"rendered":"About me"},"content":{"rendered":"<style>.kb-row-layout-id136_6b8e83-77 > .kt-row-column-wrap{align-content:start;}:where(.kb-row-layout-id136_6b8e83-77 > .kt-row-column-wrap) > .wp-block-kadence-column{justify-content:start;}.kb-row-layout-id136_6b8e83-77 > .kt-row-column-wrap{column-gap:var(--global-kb-gap-md, 2rem);row-gap:var(--global-kb-gap-lg, 4rem);max-width:var( --global-content-width, 1290px );padding-left:var(--global-content-edge-padding);padding-right:var(--global-content-edge-padding);padding-top:var(--global-kb-spacing-xxl, 5rem);padding-bottom:var(--global-kb-spacing-xxl, 5rem);grid-template-columns:repeat(2, minmax(0, 1fr));}.kb-row-layout-id136_6b8e83-77 > .kt-row-layout-overlay{opacity:0.30;}@media all and (max-width: 1024px){.kb-row-layout-id136_6b8e83-77 > .kt-row-column-wrap{grid-template-columns:minmax(0, 1fr);}}@media all and (max-width: 767px){.kb-row-layout-id136_6b8e83-77 > .kt-row-column-wrap{grid-template-columns:minmax(0, 1fr);}}<\/style><div class=\"kb-row-layout-wrap kb-row-layout-id136_6b8e83-77 alignfull has-theme-palette8-background-color kt-row-has-bg wp-block-kadence-rowlayout\"><div class=\"kt-row-column-wrap kt-has-2-columns kt-row-layout-equal kt-tab-layout-row kt-mobile-layout-row kt-row-valign-top kb-theme-content-width\">\n<style>.kadence-column136_75687e-48 > .kt-inside-inner-col{display:flex;}.kadence-column136_75687e-48 > .kt-inside-inner-col,.kadence-column136_75687e-48 > .kt-inside-inner-col:before{border-top-left-radius:0px;border-top-right-radius:0px;border-bottom-right-radius:0px;border-bottom-left-radius:0px;}.kadence-column136_75687e-48 > .kt-inside-inner-col{column-gap:var(--global-kb-gap-sm, 1rem);}.kadence-column136_75687e-48 > .kt-inside-inner-col{flex-direction:column;justify-content:flex-start;align-items:center;}.kadence-column136_75687e-48 > .kt-inside-inner-col > .kb-image-is-ratio-size{align-self:stretch;}.kadence-column136_75687e-48 > .kt-inside-inner-col > .wp-block-kadence-advancedgallery{align-self:stretch;}.kadence-column136_75687e-48 > .kt-inside-inner-col > .aligncenter{width:100%;}.kt-row-column-wrap > .kadence-column136_75687e-48{align-self:flex-start;}.kt-inner-column-height-full:not(.kt-has-1-columns) > .wp-block-kadence-column.kadence-column136_75687e-48{align-self:auto;}.kt-inner-column-height-full:not(.kt-has-1-columns) > .wp-block-kadence-column.kadence-column136_75687e-48 > .kt-inside-inner-col{flex-direction:column;justify-content:flex-start;}.kadence-column136_75687e-48 > .kt-inside-inner-col:before{opacity:0.3;}.kadence-column136_75687e-48{position:relative;}@media all and (max-width: 1024px){.kt-row-column-wrap > .kadence-column136_75687e-48{align-self:flex-start;}}@media all and (max-width: 1024px){.kt-inner-column-height-full:not(.kt-has-1-columns) > .wp-block-kadence-column.kadence-column136_75687e-48{align-self:auto;}}@media all and (max-width: 1024px){.kt-inner-column-height-full:not(.kt-has-1-columns) > .wp-block-kadence-column.kadence-column136_75687e-48 > .kt-inside-inner-col{flex-direction:column;justify-content:flex-start;}}@media all and (max-width: 1024px){.kadence-column136_75687e-48 > .kt-inside-inner-col{flex-direction:column;justify-content:flex-start;align-items:center;}}@media all and (max-width: 767px){.kt-row-column-wrap > .kadence-column136_75687e-48{align-self:flex-start;}.kt-inner-column-height-full:not(.kt-has-1-columns) > .wp-block-kadence-column.kadence-column136_75687e-48{align-self:auto;}.kt-inner-column-height-full:not(.kt-has-1-columns) > .wp-block-kadence-column.kadence-column136_75687e-48 > .kt-inside-inner-col{flex-direction:column;justify-content:flex-start;}.kadence-column136_75687e-48 > .kt-inside-inner-col{flex-direction:column;justify-content:flex-start;align-items:center;}}<\/style>\n<div class=\"wp-block-kadence-column kadence-column136_75687e-48\"><div class=\"kt-inside-inner-col\">\n<p><\/p>\n\n\n<style>.kb-image136_cf8af9-6f .kb-image-has-overlay:after{opacity:0.3;border-top-right-radius:100px;border-bottom-left-radius:100px;}.kb-image136_cf8af9-6f img.kb-img, .kb-image136_cf8af9-6f .kb-img img{border-top-right-radius:100px;border-bottom-left-radius:100px;}<\/style>\n<figure class=\"wp-block-kadence-image kb-image136_cf8af9-6f size-medium\"><img loading=\"lazy\" decoding=\"async\" width=\"255\" height=\"300\" src=\"https:\/\/spanization.com\/wp-content\/uploads\/2025\/06\/Leonor25p-255x300.jpeg\" alt=\"\" class=\"kb-img wp-image-337\" srcset=\"https:\/\/spanization.com\/wp-content\/uploads\/2025\/06\/Leonor25p-255x300.jpeg 255w, https:\/\/spanization.com\/wp-content\/uploads\/2025\/06\/Leonor25p-872x1024.jpeg 872w, https:\/\/spanization.com\/wp-content\/uploads\/2025\/06\/Leonor25p-768x902.jpeg 768w, https:\/\/spanization.com\/wp-content\/uploads\/2025\/06\/Leonor25p-1308x1536.jpeg 1308w, https:\/\/spanization.com\/wp-content\/uploads\/2025\/06\/Leonor25p-1744x2048.jpeg 1744w, https:\/\/spanization.com\/wp-content\/uploads\/2025\/06\/Leonor25p-10x12.jpeg 10w\" sizes=\"auto, (max-width: 255px) 100vw, 255px\" \/><\/figure>\n\n\n\n<p><\/p>\n\n\n\n<blockquote class=\"wp-block-quote is-layout-flow wp-block-quote-is-layout-flow\">\n<p class=\"has-theme-palette-2-color has-text-color has-link-color wp-elements-c289574f8ddcf32ff19317b95f4bfa1c\"><em>Mi formaci\u00f3n en Psicolog\u00eda me ayuda a comprender mejor las necesidades y motivaciones de cada estudiante, creando un ambiente de aprendizaje emp\u00e1tico y efectivo.<\/em><\/p>\n<\/blockquote>\n<\/div><\/div>\n\n\n<style>.kadence-column136_fa7dcc-9b > .kt-inside-inner-col{padding-right:var(--global-kb-spacing-xxl, 5rem);}.kadence-column136_fa7dcc-9b > .kt-inside-inner-col,.kadence-column136_fa7dcc-9b > .kt-inside-inner-col:before{border-top-left-radius:0px;border-top-right-radius:0px;border-bottom-right-radius:0px;border-bottom-left-radius:0px;}.kadence-column136_fa7dcc-9b > .kt-inside-inner-col{column-gap:var(--global-kb-gap-sm, 1rem);}.kadence-column136_fa7dcc-9b > .kt-inside-inner-col{flex-direction:column;}.kadence-column136_fa7dcc-9b > .kt-inside-inner-col > .aligncenter{width:100%;}.kadence-column136_fa7dcc-9b > .kt-inside-inner-col:before{opacity:0.3;}.kadence-column136_fa7dcc-9b{position:relative;}@media all and (max-width: 1024px){.kadence-column136_fa7dcc-9b > .kt-inside-inner-col{padding-right:0px;flex-direction:column;justify-content:center;}}@media all and (max-width: 767px){.kadence-column136_fa7dcc-9b > .kt-inside-inner-col{flex-direction:column;justify-content:center;}}<\/style>\n<div class=\"wp-block-kadence-column kadence-column136_fa7dcc-9b\"><div class=\"kt-inside-inner-col\">\n<h4 class=\"wp-block-heading has--font-size\">Sobre m\u00ed y sobre las clases<\/h4>\n\n\n<style>.wp-block-kadence-advancedheading.kt-adv-heading136_8e2c64-37, .wp-block-kadence-advancedheading.kt-adv-heading136_8e2c64-37[data-kb-block=\"kb-adv-heading136_8e2c64-37\"]{margin-bottom:var(--global-kb-spacing-xs, 1rem);font-style:normal;text-transform:none;}.wp-block-kadence-advancedheading.kt-adv-heading136_8e2c64-37 mark.kt-highlight, .wp-block-kadence-advancedheading.kt-adv-heading136_8e2c64-37[data-kb-block=\"kb-adv-heading136_8e2c64-37\"] mark.kt-highlight{font-style:normal;color:#f76a0c;-webkit-box-decoration-break:clone;box-decoration-break:clone;padding-top:0px;padding-right:0px;padding-bottom:0px;padding-left:0px;}.wp-block-kadence-advancedheading.kt-adv-heading136_8e2c64-37 img.kb-inline-image, .wp-block-kadence-advancedheading.kt-adv-heading136_8e2c64-37[data-kb-block=\"kb-adv-heading136_8e2c64-37\"] img.kb-inline-image{width:150px;vertical-align:baseline;}<\/style>\n<p class=\"kt-adv-heading136_8e2c64-37 wp-block-kadence-advancedheading has-theme-palette-1-color has-text-color\" data-kb-block=\"kb-adv-heading136_8e2c64-37\">\u00a1Hola! Soy Leonor, profesora de espa\u00f1ol y madrile\u00f1a de coraz\u00f3n. Aunque me gradu\u00e9 en Psicolog\u00eda, mi verdadera vocaci\u00f3n siempre ha sido la ense\u00f1anza. Por eso, hace m\u00e1s de 15 a\u00f1os decid\u00ed formarme como profesora de espa\u00f1ol y desde entonces he ayudado a estudiantes de todo el mundo a mejorar su dominio del idioma.<br><br><br>A lo largo de mi carrera he trabajado en diversos entornos \u2014empresas, universidades, escuelas de idiomas y otras instituciones\u2014 impartiendo clases tanto presenciales como online, individuales y en grupo. Esta experiencia me ha permitido adaptarme a distintos perfiles de estudiantes y metodolog\u00edas.<br><br><br>Actualmente, me dedico a ofrecer clases de conversaci\u00f3n online en espa\u00f1ol, especialmente pensadas para quienes desean expresarse con naturalidad, ampliar su vocabulario aut\u00e9ntico y ganar confianza en un ambiente relajado y motivador. En mis clases no utilizamos libros de texto ni hay tareas obligatorias, pero s\u00ed te ofrezco atenci\u00f3n personalizada y temas que realmente te interesan. Para m\u00ed, disfrutar del proceso es tan importante como avanzar en el aprendizaje.<br><br><br>Durante nuestras conversaciones encontrar\u00e1s correcci\u00f3n \u00fatil, pr\u00e1ctica constante y un espacio donde sentirte c\u00f3modo hablando. Por supuesto, puedes plantear todas las dudas que surjan sobre gram\u00e1tica, vocabulario o expresiones.<br><br><br>Si quieres saber m\u00e1s sobre mi trayectoria profesional o conocer las opiniones de otros alumnos, te invito a visitar mi perfil de <a href=\"https:\/\/www.linkedin.com\/in\/leonorbautista\/\">LinkedIn<\/a>.<br><br>En lo personal, siempre que puedo dedico mi tiempo a lo que m\u00e1s me gusta: leer, pintar, practicar yoga y disfrutar de la cultura. Si te apetece ver algunas im\u00e1genes que he capturado en mis viajes por Espa\u00f1a, puedes visitar mi cuenta de <a href=\"https:\/\/www.instagram.com\/spanization\/\">Instagram<\/a>.<br><br><br><br><br><br><br><\/p>\n<\/div><\/div>\n\n<\/div><\/div>\n\n\n<p><\/p>\n","protected":false},"excerpt":{"rendered":"<p>Mi formaci\u00f3n en Psicolog\u00eda me ayuda a comprender mejor las necesidades y motivaciones de cada estudiante, creando un ambiente de aprendizaje emp\u00e1tico y efectivo. Sobre m\u00ed y sobre las clases \u00a1Hola! Soy Leonor, profesora de espa\u00f1ol y madrile\u00f1a de coraz\u00f3n. Aunque me gradu\u00e9 en Psicolog\u00eda, mi verdadera vocaci\u00f3n siempre ha sido la ense\u00f1anza. Por eso,&#8230;<\/p>","protected":false},"author":1,"featured_media":0,"parent":0,"menu_order":0,"comment_status":"closed","ping_status":"closed","template":"","meta":{"_kadence_starter_templates_imported_post":false,"_kad_post_transparent":"","_kad_post_title":"","_kad_post_layout":"","_kad_post_sidebar_id":"","_kad_post_content_style":"","_kad_post_vertical_padding":"","_kad_post_feature":"","_kad_post_feature_position":"","_kad_post_header":false,"_kad_post_footer":false,"_kad_post_classname":"","footnotes":""},"class_list":["post-136","page","type-page","status-publish","hentry"],"yoast_head":"<!-- This site is optimized with the Yoast SEO plugin v27.1.1 - https:\/\/yoast.com\/product\/yoast-seo-wordpress\/ -->\n<title>Sobre m\u00ed - Spanization<\/title>\n<meta name=\"description\" content=\"Discover my passion for online Spanish conversation classes at Spanization! Personalized lessons to boost your fluency with me.\" \/>\n<meta name=\"robots\" content=\"index, follow, max-snippet:-1, max-image-preview:large, max-video-preview:-1\" \/>\n<link rel=\"canonical\" href=\"https:\/\/spanization.com\/en\/sobre-mi\/\" \/>\n<meta property=\"og:locale\" content=\"en_GB\" \/>\n<meta property=\"og:type\" content=\"article\" \/>\n<meta property=\"og:title\" content=\"Sobre m\u00ed - Spanization\" \/>\n<meta property=\"og:description\" content=\"Discover my passion for online Spanish conversation classes at Spanization! Personalized lessons to boost your fluency with me.\" \/>\n<meta property=\"og:url\" content=\"https:\/\/spanization.com\/en\/sobre-mi\/\" \/>\n<meta property=\"og:site_name\" content=\"Spanization\" \/>\n<meta property=\"article:modified_time\" content=\"2025-11-25T11:25:25+00:00\" \/>\n<meta property=\"og:image\" content=\"https:\/\/spanization.com\/wp-content\/uploads\/2025\/06\/Leonor25p-scaled.jpeg\" \/>\n\t<meta property=\"og:image:width\" content=\"2180\" \/>\n\t<meta property=\"og:image:height\" content=\"2560\" \/>\n\t<meta property=\"og:image:type\" content=\"image\/jpeg\" \/>\n<meta name=\"twitter:card\" content=\"summary_large_image\" \/>\n<meta name=\"twitter:label1\" content=\"Estimated reading time\" \/>\n\t<meta name=\"twitter:data1\" content=\"2 minutes\" \/>\n<script type=\"application\/ld+json\" class=\"yoast-schema-graph\">{\"@context\":\"https:\/\/schema.org\",\"@graph\":[{\"@type\":\"WebPage\",\"@id\":\"https:\/\/spanization.com\/sobre-mi\/\",\"url\":\"https:\/\/spanization.com\/sobre-mi\/\",\"name\":\"Sobre m\u00ed - Spanization\",\"isPartOf\":{\"@id\":\"https:\/\/spanization.com\/#website\"},\"primaryImageOfPage\":{\"@id\":\"https:\/\/spanization.com\/sobre-mi\/#primaryimage\"},\"image\":{\"@id\":\"https:\/\/spanization.com\/sobre-mi\/#primaryimage\"},\"thumbnailUrl\":\"https:\/\/spanization.com\/wp-content\/uploads\/2025\/06\/Leonor25p-255x300.jpeg\",\"datePublished\":\"2025-05-23T09:42:04+00:00\",\"dateModified\":\"2025-11-25T11:25:25+00:00\",\"description\":\"Discover my passion for online Spanish conversation classes at Spanization! Personalized lessons to boost your fluency with me.\",\"breadcrumb\":{\"@id\":\"https:\/\/spanization.com\/sobre-mi\/#breadcrumb\"},\"inLanguage\":\"en-GB\",\"potentialAction\":[{\"@type\":\"ReadAction\",\"target\":[\"https:\/\/spanization.com\/sobre-mi\/\"]}]},{\"@type\":\"ImageObject\",\"inLanguage\":\"en-GB\",\"@id\":\"https:\/\/spanization.com\/sobre-mi\/#primaryimage\",\"url\":\"https:\/\/spanization.com\/wp-content\/uploads\/2025\/06\/Leonor25p-255x300.jpeg\",\"contentUrl\":\"https:\/\/spanization.com\/wp-content\/uploads\/2025\/06\/Leonor25p-255x300.jpeg\"},{\"@type\":\"BreadcrumbList\",\"@id\":\"https:\/\/spanization.com\/sobre-mi\/#breadcrumb\",\"itemListElement\":[{\"@type\":\"ListItem\",\"position\":1,\"name\":\"Portada\",\"item\":\"https:\/\/spanization.com\/\"},{\"@type\":\"ListItem\",\"position\":2,\"name\":\"Sobre m\u00ed\"}]},{\"@type\":\"WebSite\",\"@id\":\"https:\/\/spanization.com\/#website\",\"url\":\"https:\/\/spanization.com\/\",\"name\":\"Spanization\",\"description\":\"Clases de espa\u00f1ol online\",\"publisher\":{\"@id\":\"https:\/\/spanization.com\/#\/schema\/person\/9865a3746f8a659ed8631438b3a2e9bb\"},\"potentialAction\":[{\"@type\":\"SearchAction\",\"target\":{\"@type\":\"EntryPoint\",\"urlTemplate\":\"https:\/\/spanization.com\/?s={search_term_string}\"},\"query-input\":{\"@type\":\"PropertyValueSpecification\",\"valueRequired\":true,\"valueName\":\"search_term_string\"}}],\"inLanguage\":\"en-GB\"},{\"@type\":[\"Person\",\"Organization\"],\"@id\":\"https:\/\/spanization.com\/#\/schema\/person\/9865a3746f8a659ed8631438b3a2e9bb\",\"name\":\"super\",\"image\":{\"@type\":\"ImageObject\",\"inLanguage\":\"en-GB\",\"@id\":\"https:\/\/spanization.com\/#\/schema\/person\/image\/\",\"url\":\"https:\/\/spanization.com\/wp-content\/uploads\/2025\/05\/logoG.jpg\",\"contentUrl\":\"https:\/\/spanization.com\/wp-content\/uploads\/2025\/05\/logoG.jpg\",\"width\":1440,\"height\":1020,\"caption\":\"super\"},\"logo\":{\"@id\":\"https:\/\/spanization.com\/#\/schema\/person\/image\/\"},\"sameAs\":[\"https:\/\/spanization.com\"]}]}<\/script>\n<!-- \/ Yoast SEO plugin. -->","yoast_head_json":{"title":"Sobre m\u00ed - Spanization","description":"Discover my passion for online Spanish conversation classes at Spanization! Personalized lessons to boost your fluency with me.","robots":{"index":"index","follow":"follow","max-snippet":"max-snippet:-1","max-image-preview":"max-image-preview:large","max-video-preview":"max-video-preview:-1"},"canonical":"https:\/\/spanization.com\/en\/sobre-mi\/","og_locale":"en_GB","og_type":"article","og_title":"Sobre m\u00ed - Spanization","og_description":"Discover my passion for online Spanish conversation classes at Spanization! Personalized lessons to boost your fluency with me.","og_url":"https:\/\/spanization.com\/en\/sobre-mi\/","og_site_name":"Spanization","article_modified_time":"2025-11-25T11:25:25+00:00","og_image":[{"width":2180,"height":2560,"url":"https:\/\/spanization.com\/wp-content\/uploads\/2025\/06\/Leonor25p-scaled.jpeg","type":"image\/jpeg"}],"twitter_card":"summary_large_image","twitter_misc":{"Estimated reading time":"2 minutes"},"schema":{"@context":"https:\/\/schema.org","@graph":[{"@type":"WebPage","@id":"https:\/\/spanization.com\/sobre-mi\/","url":"https:\/\/spanization.com\/sobre-mi\/","name":"Sobre m\u00ed - Spanization","isPartOf":{"@id":"https:\/\/spanization.com\/#website"},"primaryImageOfPage":{"@id":"https:\/\/spanization.com\/sobre-mi\/#primaryimage"},"image":{"@id":"https:\/\/spanization.com\/sobre-mi\/#primaryimage"},"thumbnailUrl":"https:\/\/spanization.com\/wp-content\/uploads\/2025\/06\/Leonor25p-255x300.jpeg","datePublished":"2025-05-23T09:42:04+00:00","dateModified":"2025-11-25T11:25:25+00:00","description":"Discover my passion for online Spanish conversation classes at Spanization! Personalized lessons to boost your fluency with me.","breadcrumb":{"@id":"https:\/\/spanization.com\/sobre-mi\/#breadcrumb"},"inLanguage":"en-GB","potentialAction":[{"@type":"ReadAction","target":["https:\/\/spanization.com\/sobre-mi\/"]}]},{"@type":"ImageObject","inLanguage":"en-GB","@id":"https:\/\/spanization.com\/sobre-mi\/#primaryimage","url":"https:\/\/spanization.com\/wp-content\/uploads\/2025\/06\/Leonor25p-255x300.jpeg","contentUrl":"https:\/\/spanization.com\/wp-content\/uploads\/2025\/06\/Leonor25p-255x300.jpeg"},{"@type":"BreadcrumbList","@id":"https:\/\/spanization.com\/sobre-mi\/#breadcrumb","itemListElement":[{"@type":"ListItem","position":1,"name":"Portada","item":"https:\/\/spanization.com\/"},{"@type":"ListItem","position":2,"name":"Sobre m\u00ed"}]},{"@type":"WebSite","@id":"https:\/\/spanization.com\/#website","url":"https:\/\/spanization.com\/","name":"Spanization","description":"Clases de espa\u00f1ol online","publisher":{"@id":"https:\/\/spanization.com\/#\/schema\/person\/9865a3746f8a659ed8631438b3a2e9bb"},"potentialAction":[{"@type":"SearchAction","target":{"@type":"EntryPoint","urlTemplate":"https:\/\/spanization.com\/?s={search_term_string}"},"query-input":{"@type":"PropertyValueSpecification","valueRequired":true,"valueName":"search_term_string"}}],"inLanguage":"en-GB"},{"@type":["Person","Organization"],"@id":"https:\/\/spanization.com\/#\/schema\/person\/9865a3746f8a659ed8631438b3a2e9bb","name":"super","image":{"@type":"ImageObject","inLanguage":"en-GB","@id":"https:\/\/spanization.com\/#\/schema\/person\/image\/","url":"https:\/\/spanization.com\/wp-content\/uploads\/2025\/05\/logoG.jpg","contentUrl":"https:\/\/spanization.com\/wp-content\/uploads\/2025\/05\/logoG.jpg","width":1440,"height":1020,"caption":"super"},"logo":{"@id":"https:\/\/spanization.com\/#\/schema\/person\/image\/"},"sameAs":["https:\/\/spanization.com"]}]}},"_links":{"self":[{"href":"https:\/\/spanization.com\/en\/wp-json\/wp\/v2\/pages\/136","targetHints":{"allow":["GET"]}}],"collection":[{"href":"https:\/\/spanization.com\/en\/wp-json\/wp\/v2\/pages"}],"about":[{"href":"https:\/\/spanization.com\/en\/wp-json\/wp\/v2\/types\/page"}],"author":[{"embeddable":true,"href":"https:\/\/spanization.com\/en\/wp-json\/wp\/v2\/users\/1"}],"replies":[{"embeddable":true,"href":"https:\/\/spanization.com\/en\/wp-json\/wp\/v2\/comments?post=136"}],"version-history":[{"count":24,"href":"https:\/\/spanization.com\/en\/wp-json\/wp\/v2\/pages\/136\/revisions"}],"predecessor-version":[{"id":340,"href":"https:\/\/spanization.com\/en\/wp-json\/wp\/v2\/pages\/136\/revisions\/340"}],"wp:attachment":[{"href":"https:\/\/spanization.com\/en\/wp-json\/wp\/v2\/media?parent=136"}],"curies":[{"name":"wp","href":"https:\/\/api.w.org\/{rel}","templated":true}]}}